{"id":111,"date":"2021-04-07T09:39:37","date_gmt":"2021-04-07T09:39:37","guid":{"rendered":"https:\/\/virginiagallo.com\/?page_id=111"},"modified":"2025-10-08T10:04:20","modified_gmt":"2025-10-08T10:04:20","slug":"sobre-mi","status":"publish","type":"page","link":"https:\/\/virginiagallo.com\/?page_id=111","title":{"rendered":"Sobre m\u00ed"},"content":{"rendered":"\t\t<div data-elementor-type=\"wp-page\" data-elementor-id=\"111\" class=\"elementor elementor-111\" data-elementor-post-type=\"page\">\n\t\t\t\t\t\t<section class=\"elementor-section elementor-top-section elementor-element elementor-element-840ef43 elementor-section-boxed elementor-section-height-default elementor-section-height-default\" data-id=\"840ef43\" data-element_type=\"section\" data-e-type=\"section\" data-settings=\"{&quot;background_background&quot;:&quot;classic&quot;}\">\n\t\t\t\t\t\t<div class=\"elementor-container elementor-column-gap-default\">\n\t\t\t\t\t<div class=\"elementor-column elementor-col-50 elementor-top-column elementor-element elementor-element-bceab28\" data-id=\"bceab28\" data-element_type=\"column\" data-e-type=\"column\" data-settings=\"{&quot;motion_fx_motion_fx_scrolling&quot;:&quot;yes&quot;,&quot;motion_fx_translateY_effect&quot;:&quot;yes&quot;,&quot;motion_fx_translateY_speed&quot;:{&quot;unit&quot;:&quot;px&quot;,&quot;size&quot;:1.4,&quot;sizes&quot;:[]},&quot;motion_fx_translateY_affectedRange&quot;:{&quot;unit&quot;:&quot;%&quot;,&quot;size&quot;:&quot;&quot;,&quot;sizes&quot;:{&quot;start&quot;:0,&quot;end&quot;:100}},&quot;motion_fx_devices&quot;:[&quot;desktop&quot;,&quot;tablet&quot;,&quot;mobile&quot;]}\">\n\t\t\t<div class=\"elementor-widget-wrap elementor-element-populated\">\n\t\t\t\t\t\t<div class=\"elementor-element elementor-element-adc275c elementor-widget elementor-widget-heading\" data-id=\"adc275c\" data-element_type=\"widget\" data-e-type=\"widget\" data-widget_type=\"heading.default\">\n\t\t\t\t<div class=\"elementor-widget-container\">\n\t\t\t\t\t<h2 class=\"elementor-heading-title elementor-size-default\">Soy Virginia<\/h2>\t\t\t\t<\/div>\n\t\t\t\t<\/div>\n\t\t\t\t<div class=\"elementor-element elementor-element-afa18da elementor-widget elementor-widget-text-editor\" data-id=\"afa18da\" data-element_type=\"widget\" data-e-type=\"widget\" data-widget_type=\"text-editor.default\">\n\t\t\t\t<div class=\"elementor-widget-container\">\n\t\t\t\t\t\t\t\t\t<p>Te ayudo a dejar tu huella profesional en tu nuevo destino y lograr una r\u00e1pida integraci\u00f3n.<\/p><p>Mi primera expatriacio\u0301n fue en Pari\u0301s. Vivi\u0301a en una pequen\u0303o estudio frente al Panteo\u0301n y estudiaba en la Universidad de la Sorbona. Ahi\u0301 empece\u0301 a disfrutar el privilegio de vivir en el extranjero, aprender idiomas y moverme en un entorno multicultural.<\/p>\t\t\t\t\t\t\t\t<\/div>\n\t\t\t\t<\/div>\n\t\t\t\t\t<\/div>\n\t\t<\/div>\n\t\t\t\t<div class=\"elementor-column elementor-col-50 elementor-top-column elementor-element elementor-element-2c68b22\" data-id=\"2c68b22\" data-element_type=\"column\" data-e-type=\"column\">\n\t\t\t<div class=\"elementor-widget-wrap elementor-element-populated\">\n\t\t\t\t\t\t<div class=\"elementor-element elementor-element-167edac elementor-widget elementor-widget-image\" data-id=\"167edac\" data-element_type=\"widget\" data-e-type=\"widget\" data-widget_type=\"image.default\">\n\t\t\t\t<div class=\"elementor-widget-container\">\n\t\t\t\t\t\t\t\t\t\t\t\t\t\t\t<img fetchpriority=\"high\" decoding=\"async\" width=\"682\" height=\"1024\" src=\"https:\/\/virginiagallo.com\/wp-content\/uploads\/2021\/04\/21a010_ak-272-bn-682x1024.jpg\" class=\"attachment-large size-large wp-image-215\" alt=\"virginia gallo expat coach\" srcset=\"https:\/\/virginiagallo.com\/wp-content\/uploads\/2021\/04\/21a010_ak-272-bn-682x1024.jpg 682w, https:\/\/virginiagallo.com\/wp-content\/uploads\/2021\/04\/21a010_ak-272-bn-200x300.jpg 200w, https:\/\/virginiagallo.com\/wp-content\/uploads\/2021\/04\/21a010_ak-272-bn-768x1152.jpg 768w, https:\/\/virginiagallo.com\/wp-content\/uploads\/2021\/04\/21a010_ak-272-bn.jpg 787w\" sizes=\"(max-width: 682px) 100vw, 682px\" \/>\t\t\t\t\t\t\t\t\t\t\t\t\t\t\t<\/div>\n\t\t\t\t<\/div>\n\t\t\t\t\t<\/div>\n\t\t<\/div>\n\t\t\t\t\t<\/div>\n\t\t<\/section>\n\t\t\t\t<section class=\"elementor-section elementor-top-section elementor-element elementor-element-4459bbb elementor-reverse-mobile elementor-section-boxed elementor-section-height-default elementor-section-height-default\" data-id=\"4459bbb\" data-element_type=\"section\" data-e-type=\"section\" data-settings=\"{&quot;background_background&quot;:&quot;classic&quot;}\">\n\t\t\t\t\t\t<div class=\"elementor-container elementor-column-gap-default\">\n\t\t\t\t\t<div class=\"elementor-column elementor-col-50 elementor-top-column elementor-element elementor-element-f4e48a5 elementor-hidden-phone\" data-id=\"f4e48a5\" data-element_type=\"column\" data-e-type=\"column\">\n\t\t\t<div class=\"elementor-widget-wrap elementor-element-populated\">\n\t\t\t\t\t\t<div class=\"elementor-element elementor-element-e1f8d4d elementor-widget elementor-widget-image\" data-id=\"e1f8d4d\" data-element_type=\"widget\" data-e-type=\"widget\" data-widget_type=\"image.default\">\n\t\t\t\t<div class=\"elementor-widget-container\">\n\t\t\t\t\t\t\t\t\t\t\t\t\t\t\t<img decoding=\"async\" width=\"800\" height=\"800\" src=\"https:\/\/virginiagallo.com\/wp-content\/uploads\/2021\/04\/Virginia-Gallo-BN-2-b.jpg\" class=\"attachment-full size-full wp-image-217\" alt=\"\" srcset=\"https:\/\/virginiagallo.com\/wp-content\/uploads\/2021\/04\/Virginia-Gallo-BN-2-b.jpg 800w, https:\/\/virginiagallo.com\/wp-content\/uploads\/2021\/04\/Virginia-Gallo-BN-2-b-300x300.jpg 300w, https:\/\/virginiagallo.com\/wp-content\/uploads\/2021\/04\/Virginia-Gallo-BN-2-b-150x150.jpg 150w, https:\/\/virginiagallo.com\/wp-content\/uploads\/2021\/04\/Virginia-Gallo-BN-2-b-768x768.jpg 768w\" sizes=\"(max-width: 800px) 100vw, 800px\" \/>\t\t\t\t\t\t\t\t\t\t\t\t\t\t\t<\/div>\n\t\t\t\t<\/div>\n\t\t\t\t\t<\/div>\n\t\t<\/div>\n\t\t\t\t<div class=\"elementor-column elementor-col-50 elementor-top-column elementor-element elementor-element-6276d7a\" data-id=\"6276d7a\" data-element_type=\"column\" data-e-type=\"column\">\n\t\t\t<div class=\"elementor-widget-wrap elementor-element-populated\">\n\t\t\t\t\t\t<div class=\"elementor-element elementor-element-518a078 elementor-widget elementor-widget-text-editor\" data-id=\"518a078\" data-element_type=\"widget\" data-e-type=\"widget\" data-widget_type=\"text-editor.default\">\n\t\t\t\t<div class=\"elementor-widget-container\">\n\t\t\t\t\t\t\t\t\t<p>Desde entonces llevo ma\u0301s de veinte an\u0303os como expatriada.<\/p><p>Como mujer de un diploma\u0301tico y madre de tres hijos, me he mudado regularmente y conocido tambie\u0301n la otra cara de la expatriacio\u0301n. A menudo, me he sentido sola, dependiente y desbordada. Me ha costado integrarme. Adema\u0301s, me senti\u0301a culpable por no poder disfrutar del entorno multicultural y privilegiado en que me encontraba.<\/p>\t\t\t\t\t\t\t\t<\/div>\n\t\t\t\t<\/div>\n\t\t\t\t\t<\/div>\n\t\t<\/div>\n\t\t\t\t\t<\/div>\n\t\t<\/section>\n\t\t\t\t<section class=\"elementor-section elementor-top-section elementor-element elementor-element-72ddab3 elementor-section-height-min-height elementor-section-boxed elementor-section-height-default elementor-section-items-middle\" data-id=\"72ddab3\" data-element_type=\"section\" data-e-type=\"section\" data-settings=\"{&quot;background_background&quot;:&quot;classic&quot;}\">\n\t\t\t\t\t\t\t<div class=\"elementor-background-overlay\"><\/div>\n\t\t\t\t\t\t\t<div class=\"elementor-container elementor-column-gap-default\">\n\t\t\t\t\t<div class=\"elementor-column elementor-col-100 elementor-top-column elementor-element elementor-element-4649f33\" data-id=\"4649f33\" data-element_type=\"column\" data-e-type=\"column\" data-settings=\"{&quot;motion_fx_motion_fx_scrolling&quot;:&quot;yes&quot;,&quot;motion_fx_translateY_effect&quot;:&quot;yes&quot;,&quot;motion_fx_translateY_speed&quot;:{&quot;unit&quot;:&quot;px&quot;,&quot;size&quot;:1,&quot;sizes&quot;:[]},&quot;motion_fx_translateY_affectedRange&quot;:{&quot;unit&quot;:&quot;%&quot;,&quot;size&quot;:&quot;&quot;,&quot;sizes&quot;:{&quot;start&quot;:0,&quot;end&quot;:100}},&quot;motion_fx_devices&quot;:[&quot;desktop&quot;,&quot;tablet&quot;,&quot;mobile&quot;]}\">\n\t\t\t<div class=\"elementor-widget-wrap elementor-element-populated\">\n\t\t\t\t\t\t<div class=\"elementor-element elementor-element-2e4f24f elementor-widget elementor-widget-text-editor\" data-id=\"2e4f24f\" data-element_type=\"widget\" data-e-type=\"widget\" data-widget_type=\"text-editor.default\">\n\t\t\t\t<div class=\"elementor-widget-container\">\n\t\t\t\t\t\t\t\t\t<p>Trabajar en el extranjero me ha devuelto la identidad, seguridad e independencia.<\/p>\t\t\t\t\t\t\t\t<\/div>\n\t\t\t\t<\/div>\n\t\t\t\t\t<\/div>\n\t\t<\/div>\n\t\t\t\t\t<\/div>\n\t\t<\/section>\n\t\t\t\t<section class=\"elementor-section elementor-top-section elementor-element elementor-element-48b9ac4 elementor-section-boxed elementor-section-height-default elementor-section-height-default\" data-id=\"48b9ac4\" data-element_type=\"section\" data-e-type=\"section\" data-settings=\"{&quot;background_background&quot;:&quot;classic&quot;}\">\n\t\t\t\t\t\t<div class=\"elementor-container elementor-column-gap-default\">\n\t\t\t\t\t<div class=\"elementor-column elementor-col-50 elementor-top-column elementor-element elementor-element-c80807c\" data-id=\"c80807c\" data-element_type=\"column\" data-e-type=\"column\">\n\t\t\t<div class=\"elementor-widget-wrap elementor-element-populated\">\n\t\t\t\t\t\t<div class=\"elementor-element elementor-element-0c70ff8 elementor-widget elementor-widget-text-editor\" data-id=\"0c70ff8\" data-element_type=\"widget\" data-e-type=\"widget\" data-settings=\"{&quot;motion_fx_motion_fx_scrolling&quot;:&quot;yes&quot;,&quot;motion_fx_devices&quot;:[&quot;desktop&quot;,&quot;tablet&quot;,&quot;mobile&quot;]}\" data-widget_type=\"text-editor.default\">\n\t\t\t\t<div class=\"elementor-widget-container\">\n\t\t\t\t\t\t\t\t\t<p>En todos los pai\u0301ses en los que he estado, he logrado dejar una huella profesional, dedic\u00e1ndome a la investigaci\u00f3n jur\u00eddica y a la gesti\u00f3n de entidades sin \u00e1nimo de lucro, en \u00e1mbitos como los derechos humanos, la sostenibilidad y la educaci\u00f3n. Soy coach certificada, psic\u00f3loga general sanitaria y doctora en derecho internacional y relaciones internacionales.<\/p><p>Estoy segura de que puedo ayudarte a alcanzar tus metas profesionales, para que t\u00fa tambi\u00e9n te sientas independiente y realizada en el extranjero.<\/p>\t\t\t\t\t\t\t\t<\/div>\n\t\t\t\t<\/div>\n\t\t\t\t\t<\/div>\n\t\t<\/div>\n\t\t\t\t<div class=\"elementor-column elementor-col-50 elementor-top-column elementor-element elementor-element-0027eb0\" data-id=\"0027eb0\" data-element_type=\"column\" data-e-type=\"column\">\n\t\t\t<div class=\"elementor-widget-wrap elementor-element-populated\">\n\t\t\t\t\t\t<div class=\"elementor-element elementor-element-aceb0dc elementor-widget elementor-widget-image\" data-id=\"aceb0dc\" data-element_type=\"widget\" data-e-type=\"widget\" data-widget_type=\"image.default\">\n\t\t\t\t<div class=\"elementor-widget-container\">\n\t\t\t\t\t\t\t\t\t\t\t\t\t\t\t<img decoding=\"async\" width=\"682\" height=\"1024\" src=\"https:\/\/virginiagallo.com\/wp-content\/uploads\/2021\/04\/21a010_ak-49-682x1024.jpg\" class=\"attachment-large size-large wp-image-122\" alt=\"virginia gallo expat coach\" srcset=\"https:\/\/virginiagallo.com\/wp-content\/uploads\/2021\/04\/21a010_ak-49-682x1024.jpg 682w, https:\/\/virginiagallo.com\/wp-content\/uploads\/2021\/04\/21a010_ak-49-200x300.jpg 200w, https:\/\/virginiagallo.com\/wp-content\/uploads\/2021\/04\/21a010_ak-49-768x1152.jpg 768w, https:\/\/virginiagallo.com\/wp-content\/uploads\/2021\/04\/21a010_ak-49.jpg 787w\" sizes=\"(max-width: 682px) 100vw, 682px\" \/>\t\t\t\t\t\t\t\t\t\t\t\t\t\t\t<\/div>\n\t\t\t\t<\/div>\n\t\t\t\t\t<\/div>\n\t\t<\/div>\n\t\t\t\t\t<\/div>\n\t\t<\/section>\n\t\t\t\t<section class=\"elementor-section elementor-top-section elementor-element elementor-element-1266e47 elementor-section-height-min-height elementor-section-boxed elementor-section-height-default elementor-section-items-middle\" data-id=\"1266e47\" data-element_type=\"section\" data-e-type=\"section\" data-settings=\"{&quot;background_background&quot;:&quot;classic&quot;}\">\n\t\t\t\t\t\t\t<div class=\"elementor-background-overlay\"><\/div>\n\t\t\t\t\t\t\t<div class=\"elementor-container elementor-column-gap-default\">\n\t\t\t\t\t<div class=\"elementor-column elementor-col-100 elementor-top-column elementor-element elementor-element-d16527a\" data-id=\"d16527a\" data-element_type=\"column\" data-e-type=\"column\" data-settings=\"{&quot;motion_fx_motion_fx_scrolling&quot;:&quot;yes&quot;,&quot;motion_fx_translateY_effect&quot;:&quot;yes&quot;,&quot;motion_fx_translateY_speed&quot;:{&quot;unit&quot;:&quot;px&quot;,&quot;size&quot;:1.4,&quot;sizes&quot;:[]},&quot;motion_fx_translateY_affectedRange&quot;:{&quot;unit&quot;:&quot;%&quot;,&quot;size&quot;:&quot;&quot;,&quot;sizes&quot;:{&quot;start&quot;:0,&quot;end&quot;:100}},&quot;motion_fx_devices&quot;:[&quot;desktop&quot;,&quot;tablet&quot;,&quot;mobile&quot;]}\">\n\t\t\t<div class=\"elementor-widget-wrap elementor-element-populated\">\n\t\t\t\t\t\t<div class=\"elementor-element elementor-element-cfd0ec8 elementor-widget elementor-widget-heading\" data-id=\"cfd0ec8\" data-element_type=\"widget\" data-e-type=\"widget\" data-widget_type=\"heading.default\">\n\t\t\t\t<div class=\"elementor-widget-container\">\n\t\t\t\t\t<h2 class=\"elementor-heading-title elementor-size-default\"> Reserva tu cita<\/h2>\t\t\t\t<\/div>\n\t\t\t\t<\/div>\n\t\t\t\t<div class=\"elementor-element elementor-element-74b1f4e elementor-widget elementor-widget-text-editor\" data-id=\"74b1f4e\" data-element_type=\"widget\" data-e-type=\"widget\" data-widget_type=\"text-editor.default\">\n\t\t\t\t<div class=\"elementor-widget-container\">\n\t\t\t\t\t\t\t\t\t<p>Si quieres saber co\u0301mo puedo ayudarte a dejar tu huella profesional en tu nuevo destino y lograr una ra\u0301pida integracio\u0301n, reserva ya tu sesio\u0301n de coaching gratuita.<\/p>\t\t\t\t\t\t\t\t<\/div>\n\t\t\t\t<\/div>\n\t\t\t\t<div class=\"elementor-element elementor-element-f69a41d elementor-align-center elementor-widget elementor-widget-button\" data-id=\"f69a41d\" data-element_type=\"widget\" data-e-type=\"widget\" data-widget_type=\"button.default\">\n\t\t\t\t<div class=\"elementor-widget-container\">\n\t\t\t\t\t\t\t\t\t<div class=\"elementor-button-wrapper\">\n\t\t\t\t\t<a class=\"elementor-button elementor-button-link elementor-size-sm\" href=\"#elementor-action%3Aaction%3Dpopup%3Aopen%26settings%3DeyJpZCI6IjIyNiIsInRvZ2dsZSI6ZmFsc2V9\">\n\t\t\t\t\t\t<span class=\"elementor-button-content-wrapper\">\n\t\t\t\t\t\t\t\t\t<span class=\"elementor-button-text\">Ir al calendario<\/span>\n\t\t\t\t\t<\/span>\n\t\t\t\t\t<\/a>\n\t\t\t\t<\/div>\n\t\t\t\t\t\t\t\t<\/div>\n\t\t\t\t<\/div>\n\t\t\t\t\t<\/div>\n\t\t<\/div>\n\t\t\t\t\t<\/div>\n\t\t<\/section>\n\t\t\t\t<\/div>\n\t\t","protected":false},"excerpt":{"rendered":"<p>Soy Virginia Te ayudo a dejar tu huella profesional en tu nuevo destino y lograr una r\u00e1pida integraci\u00f3n. Mi primera expatriacio\u0301n fue en Pari\u0301s. Vivi\u0301a en una pequen\u0303o estudio frente al Panteo\u0301n y estudiaba en la Universidad de la Sorbona. Ahi\u0301 empece\u0301 a disfrutar el privilegio de vivir en el extranjero, aprender idiomas y moverme [&hellip;]<\/p>\n","protected":false},"author":1,"featured_media":381,"parent":0,"menu_order":0,"comment_status":"closed","ping_status":"closed","template":"","meta":{"_monsterinsights_skip_tracking":false,"_monsterinsights_sitenote_active":false,"_monsterinsights_sitenote_note":"","_monsterinsights_sitenote_category":0,"footnotes":""},"class_list":["post-111","page","type-page","status-publish","has-post-thumbnail","hentry"],"yoast_head":"<!-- This site is optimized with the Yoast SEO plugin v27.0 - https:\/\/yoast.com\/product\/yoast-seo-wordpress\/ -->\n<title>Sobre m\u00ed - Virginia Gallo<\/title>\n<meta name=\"robots\" content=\"index, follow, max-snippet:-1, max-image-preview:large, max-video-preview:-1\" \/>\n<link rel=\"canonical\" href=\"https:\/\/virginiagallo.com\/?page_id=111\" \/>\n<meta property=\"og:locale\" content=\"es_ES\" \/>\n<meta property=\"og:type\" content=\"article\" \/>\n<meta property=\"og:title\" content=\"Sobre m\u00ed - Virginia Gallo\" \/>\n<meta property=\"og:description\" content=\"Soy Virginia Te ayudo a dejar tu huella profesional en tu nuevo destino y lograr una r\u00e1pida integraci\u00f3n. Mi primera expatriacio\u0301n fue en Pari\u0301s. Vivi\u0301a en una pequen\u0303o estudio frente al Panteo\u0301n y estudiaba en la Universidad de la Sorbona. Ahi\u0301 empece\u0301 a disfrutar el privilegio de vivir en el extranjero, aprender idiomas y moverme [&hellip;]\" \/>\n<meta property=\"og:url\" content=\"https:\/\/virginiagallo.com\/?page_id=111\" \/>\n<meta property=\"og:site_name\" content=\"Virginia Gallo\" \/>\n<meta property=\"article:publisher\" content=\"https:\/\/www.facebook.com\/Virginia-Gallo-Expat-Coach-110050807931706\" \/>\n<meta property=\"article:modified_time\" content=\"2025-10-08T10:04:20+00:00\" \/>\n<meta property=\"og:image\" content=\"https:\/\/virginiagallo.com\/wp-content\/uploads\/2021\/05\/virginia-gallo-home-edit.jpg\" \/>\n\t<meta property=\"og:image:width\" content=\"1181\" \/>\n\t<meta property=\"og:image:height\" content=\"787\" \/>\n\t<meta property=\"og:image:type\" content=\"image\/jpeg\" \/>\n<meta name=\"twitter:card\" content=\"summary_large_image\" \/>\n<meta name=\"twitter:label1\" content=\"Tiempo de lectura\" \/>\n\t<meta name=\"twitter:data1\" content=\"2 minutos\" \/>\n<script type=\"application\/ld+json\" class=\"yoast-schema-graph\">{\"@context\":\"https:\/\/schema.org\",\"@graph\":[{\"@type\":\"WebPage\",\"@id\":\"https:\/\/virginiagallo.com\/?page_id=111\",\"url\":\"https:\/\/virginiagallo.com\/?page_id=111\",\"name\":\"Sobre m\u00ed - Virginia Gallo\",\"isPartOf\":{\"@id\":\"https:\/\/virginiagallo.com\/#website\"},\"primaryImageOfPage\":{\"@id\":\"https:\/\/virginiagallo.com\/?page_id=111#primaryimage\"},\"image\":{\"@id\":\"https:\/\/virginiagallo.com\/?page_id=111#primaryimage\"},\"thumbnailUrl\":\"https:\/\/virginiagallo.com\/wp-content\/uploads\/2021\/05\/virginia-gallo-home-edit.jpg\",\"datePublished\":\"2021-04-07T09:39:37+00:00\",\"dateModified\":\"2025-10-08T10:04:20+00:00\",\"breadcrumb\":{\"@id\":\"https:\/\/virginiagallo.com\/?page_id=111#breadcrumb\"},\"inLanguage\":\"es\",\"potentialAction\":[{\"@type\":\"ReadAction\",\"target\":[\"https:\/\/virginiagallo.com\/?page_id=111\"]}]},{\"@type\":\"ImageObject\",\"inLanguage\":\"es\",\"@id\":\"https:\/\/virginiagallo.com\/?page_id=111#primaryimage\",\"url\":\"https:\/\/virginiagallo.com\/wp-content\/uploads\/2021\/05\/virginia-gallo-home-edit.jpg\",\"contentUrl\":\"https:\/\/virginiagallo.com\/wp-content\/uploads\/2021\/05\/virginia-gallo-home-edit.jpg\",\"width\":1181,\"height\":787,\"caption\":\"virginia gallo expat coach\"},{\"@type\":\"BreadcrumbList\",\"@id\":\"https:\/\/virginiagallo.com\/?page_id=111#breadcrumb\",\"itemListElement\":[{\"@type\":\"ListItem\",\"position\":1,\"name\":\"Portada\",\"item\":\"https:\/\/virginiagallo.com\/\"},{\"@type\":\"ListItem\",\"position\":2,\"name\":\"Sobre m\u00ed\"}]},{\"@type\":\"WebSite\",\"@id\":\"https:\/\/virginiagallo.com\/#website\",\"url\":\"https:\/\/virginiagallo.com\/\",\"name\":\"Virginia Gallo\",\"description\":\"Expat Coach\",\"publisher\":{\"@id\":\"https:\/\/virginiagallo.com\/#organization\"},\"potentialAction\":[{\"@type\":\"SearchAction\",\"target\":{\"@type\":\"EntryPoint\",\"urlTemplate\":\"https:\/\/virginiagallo.com\/?s={search_term_string}\"},\"query-input\":{\"@type\":\"PropertyValueSpecification\",\"valueRequired\":true,\"valueName\":\"search_term_string\"}}],\"inLanguage\":\"es\"},{\"@type\":\"Organization\",\"@id\":\"https:\/\/virginiagallo.com\/#organization\",\"name\":\"Virginia Gallo\",\"url\":\"https:\/\/virginiagallo.com\/\",\"logo\":{\"@type\":\"ImageObject\",\"inLanguage\":\"es\",\"@id\":\"https:\/\/virginiagallo.com\/#\/schema\/logo\/image\/\",\"url\":\"https:\/\/virginiagallo.com\/wp-content\/uploads\/2021\/09\/Resumen-de-identidad-02.png\",\"contentUrl\":\"https:\/\/virginiagallo.com\/wp-content\/uploads\/2021\/09\/Resumen-de-identidad-02.png\",\"width\":1334,\"height\":764,\"caption\":\"Virginia Gallo\"},\"image\":{\"@id\":\"https:\/\/virginiagallo.com\/#\/schema\/logo\/image\/\"},\"sameAs\":[\"https:\/\/www.facebook.com\/Virginia-Gallo-Expat-Coach-110050807931706\",\"https:\/\/www.instagram.com\/virginiaexpatcoach\/\",\"https:\/\/www.linkedin.com\/in\/virginia-gallo-cobi\u00e1n-b66719151\/\"]}]}<\/script>\n<!-- \/ Yoast SEO plugin. -->","yoast_head_json":{"title":"Sobre m\u00ed - Virginia Gallo","robots":{"index":"index","follow":"follow","max-snippet":"max-snippet:-1","max-image-preview":"max-image-preview:large","max-video-preview":"max-video-preview:-1"},"canonical":"https:\/\/virginiagallo.com\/?page_id=111","og_locale":"es_ES","og_type":"article","og_title":"Sobre m\u00ed - Virginia Gallo","og_description":"Soy Virginia Te ayudo a dejar tu huella profesional en tu nuevo destino y lograr una r\u00e1pida integraci\u00f3n. Mi primera expatriacio\u0301n fue en Pari\u0301s. Vivi\u0301a en una pequen\u0303o estudio frente al Panteo\u0301n y estudiaba en la Universidad de la Sorbona. Ahi\u0301 empece\u0301 a disfrutar el privilegio de vivir en el extranjero, aprender idiomas y moverme [&hellip;]","og_url":"https:\/\/virginiagallo.com\/?page_id=111","og_site_name":"Virginia Gallo","article_publisher":"https:\/\/www.facebook.com\/Virginia-Gallo-Expat-Coach-110050807931706","article_modified_time":"2025-10-08T10:04:20+00:00","og_image":[{"width":1181,"height":787,"url":"https:\/\/virginiagallo.com\/wp-content\/uploads\/2021\/05\/virginia-gallo-home-edit.jpg","type":"image\/jpeg"}],"twitter_card":"summary_large_image","twitter_misc":{"Tiempo de lectura":"2 minutos"},"schema":{"@context":"https:\/\/schema.org","@graph":[{"@type":"WebPage","@id":"https:\/\/virginiagallo.com\/?page_id=111","url":"https:\/\/virginiagallo.com\/?page_id=111","name":"Sobre m\u00ed - Virginia Gallo","isPartOf":{"@id":"https:\/\/virginiagallo.com\/#website"},"primaryImageOfPage":{"@id":"https:\/\/virginiagallo.com\/?page_id=111#primaryimage"},"image":{"@id":"https:\/\/virginiagallo.com\/?page_id=111#primaryimage"},"thumbnailUrl":"https:\/\/virginiagallo.com\/wp-content\/uploads\/2021\/05\/virginia-gallo-home-edit.jpg","datePublished":"2021-04-07T09:39:37+00:00","dateModified":"2025-10-08T10:04:20+00:00","breadcrumb":{"@id":"https:\/\/virginiagallo.com\/?page_id=111#breadcrumb"},"inLanguage":"es","potentialAction":[{"@type":"ReadAction","target":["https:\/\/virginiagallo.com\/?page_id=111"]}]},{"@type":"ImageObject","inLanguage":"es","@id":"https:\/\/virginiagallo.com\/?page_id=111#primaryimage","url":"https:\/\/virginiagallo.com\/wp-content\/uploads\/2021\/05\/virginia-gallo-home-edit.jpg","contentUrl":"https:\/\/virginiagallo.com\/wp-content\/uploads\/2021\/05\/virginia-gallo-home-edit.jpg","width":1181,"height":787,"caption":"virginia gallo expat coach"},{"@type":"BreadcrumbList","@id":"https:\/\/virginiagallo.com\/?page_id=111#breadcrumb","itemListElement":[{"@type":"ListItem","position":1,"name":"Portada","item":"https:\/\/virginiagallo.com\/"},{"@type":"ListItem","position":2,"name":"Sobre m\u00ed"}]},{"@type":"WebSite","@id":"https:\/\/virginiagallo.com\/#website","url":"https:\/\/virginiagallo.com\/","name":"Virginia Gallo","description":"Expat Coach","publisher":{"@id":"https:\/\/virginiagallo.com\/#organization"},"potentialAction":[{"@type":"SearchAction","target":{"@type":"EntryPoint","urlTemplate":"https:\/\/virginiagallo.com\/?s={search_term_string}"},"query-input":{"@type":"PropertyValueSpecification","valueRequired":true,"valueName":"search_term_string"}}],"inLanguage":"es"},{"@type":"Organization","@id":"https:\/\/virginiagallo.com\/#organization","name":"Virginia Gallo","url":"https:\/\/virginiagallo.com\/","logo":{"@type":"ImageObject","inLanguage":"es","@id":"https:\/\/virginiagallo.com\/#\/schema\/logo\/image\/","url":"https:\/\/virginiagallo.com\/wp-content\/uploads\/2021\/09\/Resumen-de-identidad-02.png","contentUrl":"https:\/\/virginiagallo.com\/wp-content\/uploads\/2021\/09\/Resumen-de-identidad-02.png","width":1334,"height":764,"caption":"Virginia Gallo"},"image":{"@id":"https:\/\/virginiagallo.com\/#\/schema\/logo\/image\/"},"sameAs":["https:\/\/www.facebook.com\/Virginia-Gallo-Expat-Coach-110050807931706","https:\/\/www.instagram.com\/virginiaexpatcoach\/","https:\/\/www.linkedin.com\/in\/virginia-gallo-cobi\u00e1n-b66719151\/"]}]}},"_links":{"self":[{"href":"https:\/\/virginiagallo.com\/index.php?rest_route=\/wp\/v2\/pages\/111","targetHints":{"allow":["GET"]}}],"collection":[{"href":"https:\/\/virginiagallo.com\/index.php?rest_route=\/wp\/v2\/pages"}],"about":[{"href":"https:\/\/virginiagallo.com\/index.php?rest_route=\/wp\/v2\/types\/page"}],"author":[{"embeddable":true,"href":"https:\/\/virginiagallo.com\/index.php?rest_route=\/wp\/v2\/users\/1"}],"replies":[{"embeddable":true,"href":"https:\/\/virginiagallo.com\/index.php?rest_route=%2Fwp%2Fv2%2Fcomments&post=111"}],"version-history":[{"count":95,"href":"https:\/\/virginiagallo.com\/index.php?rest_route=\/wp\/v2\/pages\/111\/revisions"}],"predecessor-version":[{"id":2810,"href":"https:\/\/virginiagallo.com\/index.php?rest_route=\/wp\/v2\/pages\/111\/revisions\/2810"}],"wp:featuredmedia":[{"embeddable":true,"href":"https:\/\/virginiagallo.com\/index.php?rest_route=\/wp\/v2\/media\/381"}],"wp:attachment":[{"href":"https:\/\/virginiagallo.com\/index.php?rest_route=%2Fwp%2Fv2%2Fmedia&parent=111"}],"curies":[{"name":"wp","href":"https:\/\/api.w.org\/{rel}","templated":true}]}}