{"id":149,"date":"2021-04-07T11:56:07","date_gmt":"2021-04-07T11:56:07","guid":{"rendered":"https:\/\/virginiagallo.com\/?page_id=149"},"modified":"2021-11-08T14:19:46","modified_gmt":"2021-11-08T14:19:46","slug":"politica-de-cookies","status":"publish","type":"page","link":"https:\/\/virginiagallo.com\/?page_id=149","title":{"rendered":"Pol\u00edtica de Cookies"},"content":{"rendered":"\t\t<div data-elementor-type=\"wp-page\" data-elementor-id=\"149\" class=\"elementor elementor-149\" data-elementor-post-type=\"page\">\n\t\t\t\t\t\t<section class=\"elementor-section elementor-top-section elementor-element elementor-element-8fe0ec3 elementor-section-boxed elementor-section-height-default elementor-section-height-default\" data-id=\"8fe0ec3\" data-element_type=\"section\" data-e-type=\"section\">\n\t\t\t\t\t\t<div class=\"elementor-container elementor-column-gap-default\">\n\t\t\t\t\t<div class=\"elementor-column elementor-col-100 elementor-top-column elementor-element elementor-element-8a75e7a\" data-id=\"8a75e7a\" data-element_type=\"column\" data-e-type=\"column\">\n\t\t\t<div class=\"elementor-widget-wrap elementor-element-populated\">\n\t\t\t\t\t\t<div class=\"elementor-element elementor-element-d0b9a9a elementor-widget elementor-widget-heading\" data-id=\"d0b9a9a\" data-element_type=\"widget\" data-e-type=\"widget\" data-widget_type=\"heading.default\">\n\t\t\t\t<div class=\"elementor-widget-container\">\n\t\t\t\t\t<h2 class=\"elementor-heading-title elementor-size-default\">Pol\u00edtica de Cookies<\/h2>\t\t\t\t<\/div>\n\t\t\t\t<\/div>\n\t\t\t\t<div class=\"elementor-element elementor-element-893973a elementor-widget elementor-widget-text-editor\" data-id=\"893973a\" data-element_type=\"widget\" data-e-type=\"widget\" data-widget_type=\"text-editor.default\">\n\t\t\t\t<div class=\"elementor-widget-container\">\n\t\t\t\t\t\t\t\t\t<p><strong>1. Definici\u00f3n y funciones de las cookies.<\/strong><\/p><p>Una cookie es un fichero que se descarga en el equipo del Usuario al acceder a determinados sitios web. Las cookies permiten al sitio web, entre otras cosas, almacenar y recuperar informaci\u00f3n sobre los h\u00e1bitos de navegaci\u00f3n del Usuario o de su equipo y, dependiendo de la informaci\u00f3n que contengan y de la forma en que utilice su equipo, pueden utilizarse para reconocer al Usuario.<\/p><p><strong>2. Tipos de cookies que puede utilizar este Sitio Web.<\/strong><\/p><p>\u2022 Cookies propias: Son aqu\u00e9llas que se env\u00edan al equipo terminal del Usuario desde un equipo o dominio gestionado por el Titular y desde el que se presta el servicio solicitado por el Usuario.<\/p><p>\u2022 Cookies de terceros: Son aqu\u00e9llas que se env\u00edan al equipo terminal del Usuario desde un equipo o dominio que no es gestionado por el Titular, sino por otra entidad que trata los datos obtenidos trav\u00e9s de las cookies.<\/p><p>\u2022 Cookies de sesi\u00f3n: Son un tipo de cookies dise\u00f1adas para recabar y almacenar datos mientras el Usuario accede a un sitio web.<\/p><p>\u2022 Cookies persistentes: Son un tipo de cookies en el que los datos siguen almacenados en el terminal y pueden ser accedidos y tratados durante un periodo definido por el responsable de la cookie, y que puede ir de unos minutos a varios a\u00f1os.<\/p><p>\u2022 Cookies de an\u00e1lisis: Son aqu\u00e9llas que bien tratadas por el Titular o por terceros, permiten cuantificar el n\u00famero de Usuarios y as\u00ed realizar la medici\u00f3n y an\u00e1lisis estad\u00edstico de la utilizaci\u00f3n que hacen los Usuarios del servicio ofertado. Para ello se analiza su navegaci\u00f3n con el fin de mejorar la oferta de productos o servicios que se ofrecen.<\/p><p><strong>3. Revocaci\u00f3n y eliminaci\u00f3n de cookies.<\/strong><\/p><p>El Usuario puede permitir, bloquear o eliminar las cookies instaladas en el equipo mediante la configuraci\u00f3n de las opciones del navegador instalado, en caso que no permita la instalaci\u00f3n de cookies en su navegador es posible que no pueda acceder a alguna de las secciones del Sitio Web. Se puede encontrar informaci\u00f3n sobre c\u00f3mo configurar las cookies seg\u00fan el navegador utilizado en los siguientes enlaces (enlaces v\u00e1lidos a la fecha de edici\u00f3n del presente texto)<\/p><ul><li>Para m\u00e1s informaci\u00f3n sobre c\u00f3mo bloquear el uso de cookies en Explorer: <span style=\"color: #003366;\"><a style=\"color: #003366;\" href=\"https:\/\/support.microsoft.com\/es-es\/help\/17442\/windows-internet-explorer-delete-manage-cookies\">https:\/\/support.microsof<\/a><\/span><span style=\"color: #003366;\"> <a style=\"color: #003366;\" href=\"https:\/\/support.microsoft.com\/es-es\/help\/17442\/windows-internet-explorer-delete-manage-cookies\">t.com\/es-<\/a><\/span><span style=\"color: #003366;\"><a style=\"color: #003366;\" href=\"https:\/\/support.microsoft.com\/es-es\/help\/17442\/windows-internet-explorer-delete-manage-cookies\">es\/help\/17442\/windows-internet-explorer-delete-manage-cookies<\/a><\/span><\/li><li>Para m\u00e1s informaci\u00f3n sobre c\u00f3mo bloquear el uso de cookies en Chrome: <span style=\"color: #003366;\"><a style=\"color: #003366;\" href=\"http:\/\/support.google.com\/chrome\/bin\/answer.py?hl=es&amp;answer=95647\">http:\/\/support.google.co m\/chrome\/bin\/answer.p y?hl=es&amp;answer=95647<\/a><\/span><\/li><li>Para m\u00e1s informaci\u00f3n sobre c\u00f3mo bloquear el uso de cookies en Firefox: <span style=\"color: #003366;\"><a style=\"color: #003366;\" href=\"http:\/\/support.mozilla.org\/es\/kb\/habilitar-y-deshabilitar-cookies-que-los-sitios-we\">http:\/\/support.mozilla.or g\/es\/kb\/habilitar-y-deshabilitar-cookies-que-los-sitios-we<\/a><\/span><\/li><li>Para m\u00e1s informaci\u00f3n sobre c\u00f3mo bloquear el uso de cookies en Safari: <span style=\"color: #003366;\"><a style=\"color: #003366;\" href=\"http:\/\/support.apple.com\/kb\/ph5042\">http:\/\/support.apple.com \/kb\/ph5042<\/a><\/span><\/li><\/ul><p>\u00a0<\/p><p>El Titular no se hace responsable del contenido y veracidad de las pol\u00edticas de privacidad de los terceros incluidos en los enlaces de este Aviso Legal.<\/p><p><strong>4. Terceros prestadores de servicios.<\/strong><\/p><p>En concreto los terceros con los que se ha gestionado alg\u00fan servicio para el que es necesaria la utilizaci\u00f3n de cookies son:<\/p><ul><li>Cookies del dominio: e_globalselementore_site- editorWP_DATA_USER_1wp-api-schema-modelhttps:\/\/virginiagallo.com\/ wp-json\/wp\/v2\/ wordpress_test_cookiewp-settings-1wp-settings-time- 1wordpress_295fd3be8b 3bbdf51b506850518b ab57wordpress_ logged_in_ 295fd3be8b3bbd f51b506850518bab57 _ga_gid_gat_gtag_ UA_196732547_1<\/li><\/ul><ul><li>Servicios de Terceros: Google Fonts.<\/li><\/ul><p>\u00a0<\/p><p>El Titular declina cualquier responsabilidad respecto al contenido y veracidad de la informaci\u00f3n y pol\u00edticas de privacidad relativas a las cookies de terceros.<\/p><p>Para m\u00e1s informaci\u00f3n sobre el uso de cookies en este Sitio Web el Usuario puede solicitarla a trav\u00e9s del formulario de contacto o <span style=\"color: #ff6600;\"><a style=\"color: #ff6600;\" href=\"mailto:info@virginiagallo.com\">info@virginiagallo.com<\/a><\/span><\/p><p>La presente pol\u00edtica fue modificada a fecha el 12 de mayo de 2021.<\/p><p><strong>5. Anal\u00edtica Web &#8211; Google Analytics<\/strong><\/p><p>El presente Sitio Web puede utilizar Google Analytics, una herramienta de anal\u00edtica de web prestado por Google, Inc., cuyo domicilio social est\u00e1 ubicado en 1600 Amphitheatre Parkway, Mountain View (California), CA 94043, Estados Unidos (\u00abGoogle\u00bb). Esta herramienta permite al Titular saber el grado de implicaci\u00f3n de los Usuarios con el Sitio Web, con la posibilidad de consultar varios informes en los que se describe c\u00f3mo interact\u00faan los Usuarios con el Sitio Web con el prop\u00f3sito de mejorarlo. Google Analytics recaba informaci\u00f3n de forma an\u00f3nima, es decir, informa de las tendencias del Sitio Web sin identificar a sus usuarios.<\/p><p>Google Analytics emplea \u00abcookies\u00bb de origen, que son archivos de texto ubicados en el ordenador, para realizar un seguimiento de las interacciones de los Usuarios en el Sitio Web. Estas cookies se utilizan para almacenar informaci\u00f3n como, por ejemplo, la hora de la visita, si el Usuario ha estado antes en el sitio y qu\u00e9 sitio le ha recomendado al Usuario visitar este Sitio Web en cuesti\u00f3n. Los navegadores no comparten cookies de origen de un mismo dominio.<\/p><p>Todos los equipos y dispositivos conectados a Internet tienen asignado un n\u00famero exclusivo que se conoce como la \u00abdirecci\u00f3n de protocolo de Internet\u00bb o \u00abdirecci\u00f3n IP\u00bb. Puesto que estos n\u00fameros se suelen asignar en funci\u00f3n del pa\u00eds, las direcciones IP a menudo se utilizan para identificar el pa\u00eds, el estado y la ciudad desde la que el equipo se encuentra conectado a Internet. Google Analytics registra la direcci\u00f3n IP de los Usuarios que visitan el Sitio Web para que el Titular pueda saber desde qu\u00e9 puntos del planeta se est\u00e1 visitando el sitio. Este m\u00e9todo se denomina \u00abgeolocalizaci\u00f3n de IP\u00bb. Google Analytics no proporciona informaci\u00f3n sobre la direcci\u00f3n IP real.<\/p><p>Las condiciones del servicio de Google Analytics proh\u00edben el seguimiento o la obtenci\u00f3n de datos personales que identifiquen a una persona (como, por ejemplo, el nombre, la direcci\u00f3n de correo electr\u00f3nico o los datos de facturaci\u00f3n, as\u00ed como otros datos asociados) mediante Google Analytics o bien la asociaci\u00f3n de informaci\u00f3n personal con datos de anal\u00edtica web.<\/p><p>El Titular puede controlar la informaci\u00f3n que puede usar Google y decidir si quiere que Google emplee estos datos o no a trav\u00e9s de las opciones para compartir datos de Google Analytics. Los datos sirven para mejorar los productos y servicios de Google.<\/p><p>Con el fin de ofrecer a los Usuarios m\u00e1s opciones en cuanto a la forma que tiene Google Analytics de recabar sus datos, se ha creado el complemento de inhabilitaci\u00f3n para navegadores de Google Analytics. Este complemento indica al c\u00f3digo JavaScript (ga.js) de Google Analytics que la informaci\u00f3n sobre la visita al sitio web no debe enviarse a Google Analytics. Sin embargo, no impide que se env\u00ede informaci\u00f3n al propio sitio web o a otros servicios de anal\u00edtica web. El Usuario podr\u00e1 rechazar el tratamiento de los datos o la informaci\u00f3n rechazando el uso de cookies mediante la selecci\u00f3n de la configuraci\u00f3n apropiada de su navegador, sin embargo, el Usuario debe saber que si lo hace puede ser que no pueda usar la plena funcionalidad de este Sitio Web.<\/p><p>Al utilizar este Sitio Web el Usuario consiente el tratamiento de su informaci\u00f3n por Google y el Titular en la forma y para los fines arriba indicados. Para m\u00e1s informaci\u00f3n sobre esta herramienta y la pol\u00edtica de privacidad de Google se recomienda a los Usuarios que visiten el siguiente enlace: <span style=\"color: #ff6600;\"><a style=\"color: #ff6600;\" href=\"http:\/\/www.google.es\/intl\/es\/policies\/\">http:\/\/www.google.es\/intl\/es\/p olicies\/<\/a><\/span><\/p>\t\t\t\t\t\t\t\t<\/div>\n\t\t\t\t<\/div>\n\t\t\t\t\t<\/div>\n\t\t<\/div>\n\t\t\t\t\t<\/div>\n\t\t<\/section>\n\t\t\t\t<\/div>\n\t\t","protected":false},"excerpt":{"rendered":"<p>Pol\u00edtica de Cookies 1. Definici\u00f3n y funciones de las cookies. Una cookie es un fichero que se descarga en el equipo del Usuario al acceder a determinados sitios web. Las cookies permiten al sitio web, entre otras cosas, almacenar y recuperar informaci\u00f3n sobre los h\u00e1bitos de navegaci\u00f3n del Usuario o de su equipo y, dependiendo [&hellip;]<\/p>\n","protected":false},"author":1,"featured_media":381,"parent":0,"menu_order":0,"comment_status":"closed","ping_status":"closed","template":"","meta":{"_monsterinsights_skip_tracking":false,"_monsterinsights_sitenote_active":false,"_monsterinsights_sitenote_note":"","_monsterinsights_sitenote_category":0,"footnotes":""},"class_list":["post-149","page","type-page","status-publish","has-post-thumbnail","hentry"],"yoast_head":"<!-- This site is optimized with the Yoast SEO plugin v27.0 - https:\/\/yoast.com\/product\/yoast-seo-wordpress\/ -->\n<title>Pol\u00edtica de Cookies - Virginia Gallo<\/title>\n<meta name=\"robots\" content=\"index, follow, max-snippet:-1, max-image-preview:large, max-video-preview:-1\" \/>\n<link rel=\"canonical\" href=\"https:\/\/virginiagallo.com\/?page_id=149\" \/>\n<meta property=\"og:locale\" content=\"es_ES\" \/>\n<meta property=\"og:type\" content=\"article\" \/>\n<meta property=\"og:title\" content=\"Pol\u00edtica de Cookies - Virginia Gallo\" \/>\n<meta property=\"og:description\" content=\"Pol\u00edtica de Cookies 1. Definici\u00f3n y funciones de las cookies. Una cookie es un fichero que se descarga en el equipo del Usuario al acceder a determinados sitios web. Las cookies permiten al sitio web, entre otras cosas, almacenar y recuperar informaci\u00f3n sobre los h\u00e1bitos de navegaci\u00f3n del Usuario o de su equipo y, dependiendo [&hellip;]\" \/>\n<meta property=\"og:url\" content=\"https:\/\/virginiagallo.com\/?page_id=149\" \/>\n<meta property=\"og:site_name\" content=\"Virginia Gallo\" \/>\n<meta property=\"article:publisher\" content=\"https:\/\/www.facebook.com\/Virginia-Gallo-Expat-Coach-110050807931706\" \/>\n<meta property=\"article:modified_time\" content=\"2021-11-08T14:19:46+00:00\" \/>\n<meta property=\"og:image\" content=\"https:\/\/virginiagallo.com\/wp-content\/uploads\/2021\/05\/virginia-gallo-home-edit.jpg\" \/>\n\t<meta property=\"og:image:width\" content=\"1181\" \/>\n\t<meta property=\"og:image:height\" content=\"787\" \/>\n\t<meta property=\"og:image:type\" content=\"image\/jpeg\" \/>\n<meta name=\"twitter:card\" content=\"summary_large_image\" \/>\n<meta name=\"twitter:label1\" content=\"Tiempo de lectura\" \/>\n\t<meta name=\"twitter:data1\" content=\"5 minutos\" \/>\n<script type=\"application\/ld+json\" class=\"yoast-schema-graph\">{\"@context\":\"https:\/\/schema.org\",\"@graph\":[{\"@type\":\"WebPage\",\"@id\":\"https:\/\/virginiagallo.com\/?page_id=149\",\"url\":\"https:\/\/virginiagallo.com\/?page_id=149\",\"name\":\"Pol\u00edtica de Cookies - Virginia Gallo\",\"isPartOf\":{\"@id\":\"https:\/\/virginiagallo.com\/#website\"},\"primaryImageOfPage\":{\"@id\":\"https:\/\/virginiagallo.com\/?page_id=149#primaryimage\"},\"image\":{\"@id\":\"https:\/\/virginiagallo.com\/?page_id=149#primaryimage\"},\"thumbnailUrl\":\"https:\/\/virginiagallo.com\/wp-content\/uploads\/2021\/05\/virginia-gallo-home-edit.jpg\",\"datePublished\":\"2021-04-07T11:56:07+00:00\",\"dateModified\":\"2021-11-08T14:19:46+00:00\",\"breadcrumb\":{\"@id\":\"https:\/\/virginiagallo.com\/?page_id=149#breadcrumb\"},\"inLanguage\":\"es\",\"potentialAction\":[{\"@type\":\"ReadAction\",\"target\":[\"https:\/\/virginiagallo.com\/?page_id=149\"]}]},{\"@type\":\"ImageObject\",\"inLanguage\":\"es\",\"@id\":\"https:\/\/virginiagallo.com\/?page_id=149#primaryimage\",\"url\":\"https:\/\/virginiagallo.com\/wp-content\/uploads\/2021\/05\/virginia-gallo-home-edit.jpg\",\"contentUrl\":\"https:\/\/virginiagallo.com\/wp-content\/uploads\/2021\/05\/virginia-gallo-home-edit.jpg\",\"width\":1181,\"height\":787,\"caption\":\"virginia gallo expat coach\"},{\"@type\":\"BreadcrumbList\",\"@id\":\"https:\/\/virginiagallo.com\/?page_id=149#breadcrumb\",\"itemListElement\":[{\"@type\":\"ListItem\",\"position\":1,\"name\":\"Portada\",\"item\":\"https:\/\/virginiagallo.com\/\"},{\"@type\":\"ListItem\",\"position\":2,\"name\":\"Pol\u00edtica de Cookies\"}]},{\"@type\":\"WebSite\",\"@id\":\"https:\/\/virginiagallo.com\/#website\",\"url\":\"https:\/\/virginiagallo.com\/\",\"name\":\"Virginia Gallo\",\"description\":\"Expat Coach\",\"publisher\":{\"@id\":\"https:\/\/virginiagallo.com\/#organization\"},\"potentialAction\":[{\"@type\":\"SearchAction\",\"target\":{\"@type\":\"EntryPoint\",\"urlTemplate\":\"https:\/\/virginiagallo.com\/?s={search_term_string}\"},\"query-input\":{\"@type\":\"PropertyValueSpecification\",\"valueRequired\":true,\"valueName\":\"search_term_string\"}}],\"inLanguage\":\"es\"},{\"@type\":\"Organization\",\"@id\":\"https:\/\/virginiagallo.com\/#organization\",\"name\":\"Virginia Gallo\",\"url\":\"https:\/\/virginiagallo.com\/\",\"logo\":{\"@type\":\"ImageObject\",\"inLanguage\":\"es\",\"@id\":\"https:\/\/virginiagallo.com\/#\/schema\/logo\/image\/\",\"url\":\"https:\/\/virginiagallo.com\/wp-content\/uploads\/2021\/09\/Resumen-de-identidad-02.png\",\"contentUrl\":\"https:\/\/virginiagallo.com\/wp-content\/uploads\/2021\/09\/Resumen-de-identidad-02.png\",\"width\":1334,\"height\":764,\"caption\":\"Virginia Gallo\"},\"image\":{\"@id\":\"https:\/\/virginiagallo.com\/#\/schema\/logo\/image\/\"},\"sameAs\":[\"https:\/\/www.facebook.com\/Virginia-Gallo-Expat-Coach-110050807931706\",\"https:\/\/www.instagram.com\/virginiaexpatcoach\/\",\"https:\/\/www.linkedin.com\/in\/virginia-gallo-cobi\u00e1n-b66719151\/\"]}]}<\/script>\n<!-- \/ Yoast SEO plugin. -->","yoast_head_json":{"title":"Pol\u00edtica de Cookies - Virginia Gallo","robots":{"index":"index","follow":"follow","max-snippet":"max-snippet:-1","max-image-preview":"max-image-preview:large","max-video-preview":"max-video-preview:-1"},"canonical":"https:\/\/virginiagallo.com\/?page_id=149","og_locale":"es_ES","og_type":"article","og_title":"Pol\u00edtica de Cookies - Virginia Gallo","og_description":"Pol\u00edtica de Cookies 1. Definici\u00f3n y funciones de las cookies. Una cookie es un fichero que se descarga en el equipo del Usuario al acceder a determinados sitios web. Las cookies permiten al sitio web, entre otras cosas, almacenar y recuperar informaci\u00f3n sobre los h\u00e1bitos de navegaci\u00f3n del Usuario o de su equipo y, dependiendo [&hellip;]","og_url":"https:\/\/virginiagallo.com\/?page_id=149","og_site_name":"Virginia Gallo","article_publisher":"https:\/\/www.facebook.com\/Virginia-Gallo-Expat-Coach-110050807931706","article_modified_time":"2021-11-08T14:19:46+00:00","og_image":[{"width":1181,"height":787,"url":"https:\/\/virginiagallo.com\/wp-content\/uploads\/2021\/05\/virginia-gallo-home-edit.jpg","type":"image\/jpeg"}],"twitter_card":"summary_large_image","twitter_misc":{"Tiempo de lectura":"5 minutos"},"schema":{"@context":"https:\/\/schema.org","@graph":[{"@type":"WebPage","@id":"https:\/\/virginiagallo.com\/?page_id=149","url":"https:\/\/virginiagallo.com\/?page_id=149","name":"Pol\u00edtica de Cookies - Virginia Gallo","isPartOf":{"@id":"https:\/\/virginiagallo.com\/#website"},"primaryImageOfPage":{"@id":"https:\/\/virginiagallo.com\/?page_id=149#primaryimage"},"image":{"@id":"https:\/\/virginiagallo.com\/?page_id=149#primaryimage"},"thumbnailUrl":"https:\/\/virginiagallo.com\/wp-content\/uploads\/2021\/05\/virginia-gallo-home-edit.jpg","datePublished":"2021-04-07T11:56:07+00:00","dateModified":"2021-11-08T14:19:46+00:00","breadcrumb":{"@id":"https:\/\/virginiagallo.com\/?page_id=149#breadcrumb"},"inLanguage":"es","potentialAction":[{"@type":"ReadAction","target":["https:\/\/virginiagallo.com\/?page_id=149"]}]},{"@type":"ImageObject","inLanguage":"es","@id":"https:\/\/virginiagallo.com\/?page_id=149#primaryimage","url":"https:\/\/virginiagallo.com\/wp-content\/uploads\/2021\/05\/virginia-gallo-home-edit.jpg","contentUrl":"https:\/\/virginiagallo.com\/wp-content\/uploads\/2021\/05\/virginia-gallo-home-edit.jpg","width":1181,"height":787,"caption":"virginia gallo expat coach"},{"@type":"BreadcrumbList","@id":"https:\/\/virginiagallo.com\/?page_id=149#breadcrumb","itemListElement":[{"@type":"ListItem","position":1,"name":"Portada","item":"https:\/\/virginiagallo.com\/"},{"@type":"ListItem","position":2,"name":"Pol\u00edtica de Cookies"}]},{"@type":"WebSite","@id":"https:\/\/virginiagallo.com\/#website","url":"https:\/\/virginiagallo.com\/","name":"Virginia Gallo","description":"Expat Coach","publisher":{"@id":"https:\/\/virginiagallo.com\/#organization"},"potentialAction":[{"@type":"SearchAction","target":{"@type":"EntryPoint","urlTemplate":"https:\/\/virginiagallo.com\/?s={search_term_string}"},"query-input":{"@type":"PropertyValueSpecification","valueRequired":true,"valueName":"search_term_string"}}],"inLanguage":"es"},{"@type":"Organization","@id":"https:\/\/virginiagallo.com\/#organization","name":"Virginia Gallo","url":"https:\/\/virginiagallo.com\/","logo":{"@type":"ImageObject","inLanguage":"es","@id":"https:\/\/virginiagallo.com\/#\/schema\/logo\/image\/","url":"https:\/\/virginiagallo.com\/wp-content\/uploads\/2021\/09\/Resumen-de-identidad-02.png","contentUrl":"https:\/\/virginiagallo.com\/wp-content\/uploads\/2021\/09\/Resumen-de-identidad-02.png","width":1334,"height":764,"caption":"Virginia Gallo"},"image":{"@id":"https:\/\/virginiagallo.com\/#\/schema\/logo\/image\/"},"sameAs":["https:\/\/www.facebook.com\/Virginia-Gallo-Expat-Coach-110050807931706","https:\/\/www.instagram.com\/virginiaexpatcoach\/","https:\/\/www.linkedin.com\/in\/virginia-gallo-cobi\u00e1n-b66719151\/"]}]}},"_links":{"self":[{"href":"https:\/\/virginiagallo.com\/index.php?rest_route=\/wp\/v2\/pages\/149","targetHints":{"allow":["GET"]}}],"collection":[{"href":"https:\/\/virginiagallo.com\/index.php?rest_route=\/wp\/v2\/pages"}],"about":[{"href":"https:\/\/virginiagallo.com\/index.php?rest_route=\/wp\/v2\/types\/page"}],"author":[{"embeddable":true,"href":"https:\/\/virginiagallo.com\/index.php?rest_route=\/wp\/v2\/users\/1"}],"replies":[{"embeddable":true,"href":"https:\/\/virginiagallo.com\/index.php?rest_route=%2Fwp%2Fv2%2Fcomments&post=149"}],"version-history":[{"count":11,"href":"https:\/\/virginiagallo.com\/index.php?rest_route=\/wp\/v2\/pages\/149\/revisions"}],"predecessor-version":[{"id":1628,"href":"https:\/\/virginiagallo.com\/index.php?rest_route=\/wp\/v2\/pages\/149\/revisions\/1628"}],"wp:featuredmedia":[{"embeddable":true,"href":"https:\/\/virginiagallo.com\/index.php?rest_route=\/wp\/v2\/media\/381"}],"wp:attachment":[{"href":"https:\/\/virginiagallo.com\/index.php?rest_route=%2Fwp%2Fv2%2Fmedia&parent=149"}],"curies":[{"name":"wp","href":"https:\/\/api.w.org\/{rel}","templated":true}]}}