{"id":155,"date":"2021-04-07T11:57:37","date_gmt":"2021-04-07T11:57:37","guid":{"rendered":"https:\/\/virginiagallo.com\/?page_id=155"},"modified":"2021-11-08T14:19:48","modified_gmt":"2021-11-08T14:19:48","slug":"politica-de-privacidad","status":"publish","type":"page","link":"https:\/\/virginiagallo.com\/?page_id=155","title":{"rendered":"Pol\u00edtica de Privacidad"},"content":{"rendered":"\t\t<div data-elementor-type=\"wp-page\" data-elementor-id=\"155\" class=\"elementor elementor-155\" data-elementor-post-type=\"page\">\n\t\t\t\t\t\t<section class=\"elementor-section elementor-top-section elementor-element elementor-element-6642166 elementor-section-boxed elementor-section-height-default elementor-section-height-default\" data-id=\"6642166\" data-element_type=\"section\" data-e-type=\"section\">\n\t\t\t\t\t\t<div class=\"elementor-container elementor-column-gap-default\">\n\t\t\t\t\t<div class=\"elementor-column elementor-col-100 elementor-top-column elementor-element elementor-element-63dd8bb\" data-id=\"63dd8bb\" data-element_type=\"column\" data-e-type=\"column\">\n\t\t\t<div class=\"elementor-widget-wrap elementor-element-populated\">\n\t\t\t\t\t\t<div class=\"elementor-element elementor-element-b2234d6 elementor-widget elementor-widget-heading\" data-id=\"b2234d6\" data-element_type=\"widget\" data-e-type=\"widget\" data-widget_type=\"heading.default\">\n\t\t\t\t<div class=\"elementor-widget-container\">\n\t\t\t\t\t<h2 class=\"elementor-heading-title elementor-size-default\">Pol\u00edtica de Privacidad<\/h2>\t\t\t\t<\/div>\n\t\t\t\t<\/div>\n\t\t\t\t<div class=\"elementor-element elementor-element-bdf780d elementor-widget elementor-widget-text-editor\" data-id=\"bdf780d\" data-element_type=\"widget\" data-e-type=\"widget\" data-widget_type=\"text-editor.default\">\n\t\t\t\t<div class=\"elementor-widget-container\">\n\t\t\t\t\t\t\t\t\t<p>El Titular se compromete a cumplir con la normativa en materia de Protecci\u00f3n de Datos de car\u00e1cter personal y a respetar la privacidad de los Usuarios. El objetivo es ofrecer el mejor servicio al Usuario y para ello es necesario contar con sus datos.<\/p><p><strong>1. Responsable del Tratamiento<\/strong><\/p><p>VIRGINIA GALLO COBI\u00c1N<\/p><p>NIF: 16065611L<\/p><p>Domicilio: Carmerstrasse n\u00ba 17 10623. Berl\u00edn, Alemania<\/p><p>Tel\u00e9fono: 600588765<\/p><p><strong>2. Finalidades<\/strong><\/p><ul><li>Atenci\u00f3n de consultas: Atender las consultas del Usuario que se ponga en contacto a trav\u00e9s de los Formularios.<\/li><li>Inscripci\u00f3n: Procedimiento para comunicar el Usuario su inter\u00e9s por participar en actividades.<\/li><li>Datos de navegaci\u00f3n: Datos recogidos por las cookies propias o de terceros que puedan ser generadas por este Sitio Web habiendo sido informado el Usuario y acept\u00e1ndolas.<\/li><li>Comunicaciones comerciales: Para el Usuario que voluntariamente acepte esta opci\u00f3n, se le remitir\u00e1n promociones, publicidad, ofertas, noticias, invitaci\u00f3n a eventos y cualquier tipo de informaci\u00f3n comercial del Titular.<\/li><li>Comunicaciones comerciales personalizadas: Para el Usuario que voluntariamente acepte esta opci\u00f3n, se le remitir\u00e1n promociones, publicidad, ofertas, noticias, invitaci\u00f3n a eventos y cualquier tipo de informaci\u00f3n comercial personalizada que el Titular pueda determinar en funci\u00f3n de su comportamiento, preferencias y perfil personal.<\/li><\/ul><p>\u00a0<\/p><p>En todo caso, el Usuario puede posteriormente en cualquier momento oponerse a la recepci\u00f3n de comunicaciones comerciales enviando email a <span style=\"color: #ff6600;\"><a style=\"color: #ff6600;\" href=\"mailto:info@virginiagallo.com\">info@virginiagallo.com<\/a><\/span> desde la misma cuenta en la que se reciban las comunicaciones.<\/p><p><strong>3. Legitimaci\u00f3n y conservaci\u00f3n<\/strong><\/p><p>Base jur\u00eddica del tratamiento: Consentimiento otorgado por el Usuario facilitando sus datos de forma voluntaria y aceptando la Pol\u00edtica de Privacidad.<\/p><p>En caso de no facilitar los datos necesarios para estas finalidades no ser\u00e1 posible prestarle los servicios. Los datos se conservar\u00e1n mientras se mantenga le relaci\u00f3n y no se solicite su supresi\u00f3n y en cualquier caso en cumplimiento de plazos legales de prescripci\u00f3n que le resulten de aplicaci\u00f3n.<\/p><p><strong>4. Cesiones<\/strong><\/p><p>No se tienen previstas cesiones de los datos recabados a trav\u00e9s de este Sitio Web, salvo que expresamente se indique, en su caso, en el texto informativo correspondiente.<\/p><p><strong>5. Derechos de los interesados<\/strong><\/p><p>Los Usuarios pueden ejercitar sus derechos de acceso, rectificaci\u00f3n, supresi\u00f3n, portabilidad y la limitaci\u00f3n u oposici\u00f3n enviando solicitud firmada por correo postal con asunto \u201cProtecci\u00f3n de Datos\u201d, a la direcci\u00f3n: Carmerstrasse n\u00ba 17 10623. Berl\u00edn, Alemania, indicando claramente los datos de contacto y remitiendo copia de su documento de identidad o enviando solicitud por email con asunto \u201cEjercicio de Derechos\u201d, a <span style=\"color: #ff6600;\"><a style=\"color: #ff6600;\" href=\"mailto:info@virginiagallo.com\">info@virginiagallo.com<\/a><\/span>, desde la misma cuenta de email que facilit\u00f3. Los Usuarios tienen derecho a retirar el consentimiento prestado y tienen derecho a reclamar ante la Autoridad de Control (Agencia Espa\u00f1ola de Protecci\u00f3n de Datos <span style=\"color: #ff6600;\"><a style=\"color: #ff6600;\" href=\"http:\/\/www.aepd.es\">www.aepd.es<\/a><\/span>).<\/p><p><strong>6. Campos de texto libre<\/strong><\/p><p>Los campos de texto libre que, a disposici\u00f3n del Usuario, puedan aparecer en los formularios del Sitio Web tienen como \u00fanica y exclusiva finalidad el recabar informaci\u00f3n para mejorar la calidad de los Servicios.<\/p><p>El Usuario no incluir\u00e1, en aquellos espacios que el Sitio Web pueda ofertar como \u00abcampos de texto libre\u00bb, ning\u00fan dato de car\u00e1cter personal que pueda ser calificado dentro de aquellos datos para los que se exige un nivel de protecci\u00f3n especial, entendi\u00e9ndose como tales datos, a t\u00edtulo enunciativo y no limitativo, los relativos a situaci\u00f3n econ\u00f3mico-financiera, perfiles psicol\u00f3gicos, ideolog\u00eda, religi\u00f3n, creencias, afiliaci\u00f3n sindical, salud, origen racial y\/o vida sexual.<\/p><p><strong>7. Campos no obligatorios<\/strong><\/p><p>El Titular comunica al Usuario el car\u00e1cter no obligatorio de la recogida de algunos datos, salvo en los campos que se indique lo contrario mediante un (*). No obstante, la no cumplimentaci\u00f3n de dichos datos podr\u00e1 impedir prestar todos aquellos Servicios vinculados a tales datos, liber\u00e1ndole de toda responsabilidad por la no prestaci\u00f3n o prestaci\u00f3n incompleta de estos Servicios.<\/p><p><strong>8. Acceso y rectificaci\u00f3n de los datos personales<\/strong><\/p><p>El Usuario se compromete a proporcionar informaci\u00f3n cierta en relaci\u00f3n con sus datos personales, y mantener los datos facilitados al Titular siempre actualizados. El Usuario responder\u00e1, en cualquier caso, de la veracidad de los datos facilitados, reserv\u00e1ndose el Titular el derecho de excluir de los servicios a todo Usuario que haya facilitado datos falsos, sin perjuicio de las dem\u00e1s acciones que procedan en Derecho. Los datos facilitados por el Usuario se presumir\u00e1n correctos, por lo que, en caso de env\u00edo err\u00f3neo de sus datos por parte del Usuario, el Titular, declina cualquier responsabilidad en caso de la incorrecta ejecuci\u00f3n o no ejecuci\u00f3n del env\u00edo, as\u00ed como el incorrecto cumplimiento de los tr\u00e1mites administrativos necesarios.<\/p><p><strong>9. Comunicaci\u00f3n de datos personales<\/strong><\/p><p>En relaci\u00f3n a la gesti\u00f3n de los servicios, los datos de los Usuarios podr\u00e1n ser tratados por empresas que presten al Titular diversos servicios, entre otros, de env\u00edo, mensajer\u00eda, contabilidad, asesor\u00eda, mantenimiento inform\u00e1tico, o cualquier otro que por su condici\u00f3n de Encargada del Tratamiento sea indispensable o inevitable que accedan o traten estos datos. Este tratamiento no ser\u00e1 considerado en ning\u00fan caso una cesi\u00f3n de datos.<\/p><p>El Titular no ceder\u00e1 sus datos a terceras personas en ning\u00fan caso.<\/p><p><strong>10. Confidencialidad<\/strong><\/p><p>Adem\u00e1s, tambi\u00e9n tendr\u00e1 la condici\u00f3n de confidencial la informaci\u00f3n de cualquier tipo que las partes intercambien entre s\u00ed, aquella que \u00e9stas acuerden que tiene tal naturaleza, o la que simplemente verse sobre el contenido de dicha informaci\u00f3n. La visualizaci\u00f3n de datos a trav\u00e9s de Internet, no supondr\u00e1 el acceso directo a los mismos, salvo consentimiento expreso de su titular para cada ocasi\u00f3n.<\/p><p><strong>11. Fotograf\u00edas<\/strong><\/p><p>En cumplimiento de lo establecido en la actual normativa de Protecci\u00f3n de Datos de Car\u00e1cter Personal se informa que las fotograf\u00edas en las que aparezcan personas tienen consideraci\u00f3n de dato de car\u00e1cter personal. Con esta comunicaci\u00f3n se informa que en este Sitio Web pueden aparecer fotograf\u00edas de personas con motivos de promoci\u00f3n y que voluntariamente han accedido a ello. Si en alg\u00fan caso, cualquier persona que aparezca en ellas desea que no se muestre alguna fotograf\u00eda, rogamos se pongan en contacto y se proceder\u00e1 a su retirada a la mayor brevedad posible. No ser\u00e1 v\u00e1lido para las personas que han prestado un servicio de forma profesional.<\/p>\t\t\t\t\t\t\t\t<\/div>\n\t\t\t\t<\/div>\n\t\t\t\t\t<\/div>\n\t\t<\/div>\n\t\t\t\t\t<\/div>\n\t\t<\/section>\n\t\t\t\t<\/div>\n\t\t","protected":false},"excerpt":{"rendered":"<p>Pol\u00edtica de Privacidad El Titular se compromete a cumplir con la normativa en materia de Protecci\u00f3n de Datos de car\u00e1cter personal y a respetar la privacidad de los Usuarios. El objetivo es ofrecer el mejor servicio al Usuario y para ello es necesario contar con sus datos. 1. Responsable del Tratamiento VIRGINIA GALLO COBI\u00c1N NIF: [&hellip;]<\/p>\n","protected":false},"author":1,"featured_media":381,"parent":0,"menu_order":0,"comment_status":"closed","ping_status":"closed","template":"","meta":{"_monsterinsights_skip_tracking":false,"_monsterinsights_sitenote_active":false,"_monsterinsights_sitenote_note":"","_monsterinsights_sitenote_category":0,"footnotes":""},"class_list":["post-155","page","type-page","status-publish","has-post-thumbnail","hentry"],"yoast_head":"<!-- This site is optimized with the Yoast SEO plugin v27.0 - https:\/\/yoast.com\/product\/yoast-seo-wordpress\/ -->\n<title>Pol\u00edtica de Privacidad - Virginia Gallo<\/title>\n<meta name=\"robots\" content=\"index, follow, max-snippet:-1, max-image-preview:large, max-video-preview:-1\" \/>\n<link rel=\"canonical\" href=\"https:\/\/virginiagallo.com\/?page_id=155\" \/>\n<meta property=\"og:locale\" content=\"es_ES\" \/>\n<meta property=\"og:type\" content=\"article\" \/>\n<meta property=\"og:title\" content=\"Pol\u00edtica de Privacidad - Virginia Gallo\" \/>\n<meta property=\"og:description\" content=\"Pol\u00edtica de Privacidad El Titular se compromete a cumplir con la normativa en materia de Protecci\u00f3n de Datos de car\u00e1cter personal y a respetar la privacidad de los Usuarios. El objetivo es ofrecer el mejor servicio al Usuario y para ello es necesario contar con sus datos. 1. Responsable del Tratamiento VIRGINIA GALLO COBI\u00c1N NIF: [&hellip;]\" \/>\n<meta property=\"og:url\" content=\"https:\/\/virginiagallo.com\/?page_id=155\" \/>\n<meta property=\"og:site_name\" content=\"Virginia Gallo\" \/>\n<meta property=\"article:publisher\" content=\"https:\/\/www.facebook.com\/Virginia-Gallo-Expat-Coach-110050807931706\" \/>\n<meta property=\"article:modified_time\" content=\"2021-11-08T14:19:48+00:00\" \/>\n<meta property=\"og:image\" content=\"https:\/\/virginiagallo.com\/wp-content\/uploads\/2021\/05\/virginia-gallo-home-edit.jpg\" \/>\n\t<meta property=\"og:image:width\" content=\"1181\" \/>\n\t<meta property=\"og:image:height\" content=\"787\" \/>\n\t<meta property=\"og:image:type\" content=\"image\/jpeg\" \/>\n<meta name=\"twitter:card\" content=\"summary_large_image\" \/>\n<meta name=\"twitter:label1\" content=\"Tiempo de lectura\" \/>\n\t<meta name=\"twitter:data1\" content=\"5 minutos\" \/>\n<script type=\"application\/ld+json\" class=\"yoast-schema-graph\">{\"@context\":\"https:\/\/schema.org\",\"@graph\":[{\"@type\":\"WebPage\",\"@id\":\"https:\/\/virginiagallo.com\/?page_id=155\",\"url\":\"https:\/\/virginiagallo.com\/?page_id=155\",\"name\":\"Pol\u00edtica de Privacidad - Virginia Gallo\",\"isPartOf\":{\"@id\":\"https:\/\/virginiagallo.com\/#website\"},\"primaryImageOfPage\":{\"@id\":\"https:\/\/virginiagallo.com\/?page_id=155#primaryimage\"},\"image\":{\"@id\":\"https:\/\/virginiagallo.com\/?page_id=155#primaryimage\"},\"thumbnailUrl\":\"https:\/\/virginiagallo.com\/wp-content\/uploads\/2021\/05\/virginia-gallo-home-edit.jpg\",\"datePublished\":\"2021-04-07T11:57:37+00:00\",\"dateModified\":\"2021-11-08T14:19:48+00:00\",\"breadcrumb\":{\"@id\":\"https:\/\/virginiagallo.com\/?page_id=155#breadcrumb\"},\"inLanguage\":\"es\",\"potentialAction\":[{\"@type\":\"ReadAction\",\"target\":[\"https:\/\/virginiagallo.com\/?page_id=155\"]}]},{\"@type\":\"ImageObject\",\"inLanguage\":\"es\",\"@id\":\"https:\/\/virginiagallo.com\/?page_id=155#primaryimage\",\"url\":\"https:\/\/virginiagallo.com\/wp-content\/uploads\/2021\/05\/virginia-gallo-home-edit.jpg\",\"contentUrl\":\"https:\/\/virginiagallo.com\/wp-content\/uploads\/2021\/05\/virginia-gallo-home-edit.jpg\",\"width\":1181,\"height\":787,\"caption\":\"virginia gallo expat coach\"},{\"@type\":\"BreadcrumbList\",\"@id\":\"https:\/\/virginiagallo.com\/?page_id=155#breadcrumb\",\"itemListElement\":[{\"@type\":\"ListItem\",\"position\":1,\"name\":\"Portada\",\"item\":\"https:\/\/virginiagallo.com\/\"},{\"@type\":\"ListItem\",\"position\":2,\"name\":\"Pol\u00edtica de Privacidad\"}]},{\"@type\":\"WebSite\",\"@id\":\"https:\/\/virginiagallo.com\/#website\",\"url\":\"https:\/\/virginiagallo.com\/\",\"name\":\"Virginia Gallo\",\"description\":\"Expat Coach\",\"publisher\":{\"@id\":\"https:\/\/virginiagallo.com\/#organization\"},\"potentialAction\":[{\"@type\":\"SearchAction\",\"target\":{\"@type\":\"EntryPoint\",\"urlTemplate\":\"https:\/\/virginiagallo.com\/?s={search_term_string}\"},\"query-input\":{\"@type\":\"PropertyValueSpecification\",\"valueRequired\":true,\"valueName\":\"search_term_string\"}}],\"inLanguage\":\"es\"},{\"@type\":\"Organization\",\"@id\":\"https:\/\/virginiagallo.com\/#organization\",\"name\":\"Virginia Gallo\",\"url\":\"https:\/\/virginiagallo.com\/\",\"logo\":{\"@type\":\"ImageObject\",\"inLanguage\":\"es\",\"@id\":\"https:\/\/virginiagallo.com\/#\/schema\/logo\/image\/\",\"url\":\"https:\/\/virginiagallo.com\/wp-content\/uploads\/2021\/09\/Resumen-de-identidad-02.png\",\"contentUrl\":\"https:\/\/virginiagallo.com\/wp-content\/uploads\/2021\/09\/Resumen-de-identidad-02.png\",\"width\":1334,\"height\":764,\"caption\":\"Virginia Gallo\"},\"image\":{\"@id\":\"https:\/\/virginiagallo.com\/#\/schema\/logo\/image\/\"},\"sameAs\":[\"https:\/\/www.facebook.com\/Virginia-Gallo-Expat-Coach-110050807931706\",\"https:\/\/www.instagram.com\/virginiaexpatcoach\/\",\"https:\/\/www.linkedin.com\/in\/virginia-gallo-cobi\u00e1n-b66719151\/\"]}]}<\/script>\n<!-- \/ Yoast SEO plugin. -->","yoast_head_json":{"title":"Pol\u00edtica de Privacidad - Virginia Gallo","robots":{"index":"index","follow":"follow","max-snippet":"max-snippet:-1","max-image-preview":"max-image-preview:large","max-video-preview":"max-video-preview:-1"},"canonical":"https:\/\/virginiagallo.com\/?page_id=155","og_locale":"es_ES","og_type":"article","og_title":"Pol\u00edtica de Privacidad - Virginia Gallo","og_description":"Pol\u00edtica de Privacidad El Titular se compromete a cumplir con la normativa en materia de Protecci\u00f3n de Datos de car\u00e1cter personal y a respetar la privacidad de los Usuarios. El objetivo es ofrecer el mejor servicio al Usuario y para ello es necesario contar con sus datos. 1. Responsable del Tratamiento VIRGINIA GALLO COBI\u00c1N NIF: [&hellip;]","og_url":"https:\/\/virginiagallo.com\/?page_id=155","og_site_name":"Virginia Gallo","article_publisher":"https:\/\/www.facebook.com\/Virginia-Gallo-Expat-Coach-110050807931706","article_modified_time":"2021-11-08T14:19:48+00:00","og_image":[{"width":1181,"height":787,"url":"https:\/\/virginiagallo.com\/wp-content\/uploads\/2021\/05\/virginia-gallo-home-edit.jpg","type":"image\/jpeg"}],"twitter_card":"summary_large_image","twitter_misc":{"Tiempo de lectura":"5 minutos"},"schema":{"@context":"https:\/\/schema.org","@graph":[{"@type":"WebPage","@id":"https:\/\/virginiagallo.com\/?page_id=155","url":"https:\/\/virginiagallo.com\/?page_id=155","name":"Pol\u00edtica de Privacidad - Virginia Gallo","isPartOf":{"@id":"https:\/\/virginiagallo.com\/#website"},"primaryImageOfPage":{"@id":"https:\/\/virginiagallo.com\/?page_id=155#primaryimage"},"image":{"@id":"https:\/\/virginiagallo.com\/?page_id=155#primaryimage"},"thumbnailUrl":"https:\/\/virginiagallo.com\/wp-content\/uploads\/2021\/05\/virginia-gallo-home-edit.jpg","datePublished":"2021-04-07T11:57:37+00:00","dateModified":"2021-11-08T14:19:48+00:00","breadcrumb":{"@id":"https:\/\/virginiagallo.com\/?page_id=155#breadcrumb"},"inLanguage":"es","potentialAction":[{"@type":"ReadAction","target":["https:\/\/virginiagallo.com\/?page_id=155"]}]},{"@type":"ImageObject","inLanguage":"es","@id":"https:\/\/virginiagallo.com\/?page_id=155#primaryimage","url":"https:\/\/virginiagallo.com\/wp-content\/uploads\/2021\/05\/virginia-gallo-home-edit.jpg","contentUrl":"https:\/\/virginiagallo.com\/wp-content\/uploads\/2021\/05\/virginia-gallo-home-edit.jpg","width":1181,"height":787,"caption":"virginia gallo expat coach"},{"@type":"BreadcrumbList","@id":"https:\/\/virginiagallo.com\/?page_id=155#breadcrumb","itemListElement":[{"@type":"ListItem","position":1,"name":"Portada","item":"https:\/\/virginiagallo.com\/"},{"@type":"ListItem","position":2,"name":"Pol\u00edtica de Privacidad"}]},{"@type":"WebSite","@id":"https:\/\/virginiagallo.com\/#website","url":"https:\/\/virginiagallo.com\/","name":"Virginia Gallo","description":"Expat Coach","publisher":{"@id":"https:\/\/virginiagallo.com\/#organization"},"potentialAction":[{"@type":"SearchAction","target":{"@type":"EntryPoint","urlTemplate":"https:\/\/virginiagallo.com\/?s={search_term_string}"},"query-input":{"@type":"PropertyValueSpecification","valueRequired":true,"valueName":"search_term_string"}}],"inLanguage":"es"},{"@type":"Organization","@id":"https:\/\/virginiagallo.com\/#organization","name":"Virginia Gallo","url":"https:\/\/virginiagallo.com\/","logo":{"@type":"ImageObject","inLanguage":"es","@id":"https:\/\/virginiagallo.com\/#\/schema\/logo\/image\/","url":"https:\/\/virginiagallo.com\/wp-content\/uploads\/2021\/09\/Resumen-de-identidad-02.png","contentUrl":"https:\/\/virginiagallo.com\/wp-content\/uploads\/2021\/09\/Resumen-de-identidad-02.png","width":1334,"height":764,"caption":"Virginia Gallo"},"image":{"@id":"https:\/\/virginiagallo.com\/#\/schema\/logo\/image\/"},"sameAs":["https:\/\/www.facebook.com\/Virginia-Gallo-Expat-Coach-110050807931706","https:\/\/www.instagram.com\/virginiaexpatcoach\/","https:\/\/www.linkedin.com\/in\/virginia-gallo-cobi\u00e1n-b66719151\/"]}]}},"_links":{"self":[{"href":"https:\/\/virginiagallo.com\/index.php?rest_route=\/wp\/v2\/pages\/155","targetHints":{"allow":["GET"]}}],"collection":[{"href":"https:\/\/virginiagallo.com\/index.php?rest_route=\/wp\/v2\/pages"}],"about":[{"href":"https:\/\/virginiagallo.com\/index.php?rest_route=\/wp\/v2\/types\/page"}],"author":[{"embeddable":true,"href":"https:\/\/virginiagallo.com\/index.php?rest_route=\/wp\/v2\/users\/1"}],"replies":[{"embeddable":true,"href":"https:\/\/virginiagallo.com\/index.php?rest_route=%2Fwp%2Fv2%2Fcomments&post=155"}],"version-history":[{"count":5,"href":"https:\/\/virginiagallo.com\/index.php?rest_route=\/wp\/v2\/pages\/155\/revisions"}],"predecessor-version":[{"id":1627,"href":"https:\/\/virginiagallo.com\/index.php?rest_route=\/wp\/v2\/pages\/155\/revisions\/1627"}],"wp:featuredmedia":[{"embeddable":true,"href":"https:\/\/virginiagallo.com\/index.php?rest_route=\/wp\/v2\/media\/381"}],"wp:attachment":[{"href":"https:\/\/virginiagallo.com\/index.php?rest_route=%2Fwp%2Fv2%2Fmedia&parent=155"}],"curies":[{"name":"wp","href":"https:\/\/api.w.org\/{rel}","templated":true}]}}